{"id":2219,"date":"2017-02-23T23:03:47","date_gmt":"2017-02-23T23:03:47","guid":{"rendered":"https:\/\/jacglobal.co.kr\/?page_id=2219"},"modified":"2025-10-08T01:55:16","modified_gmt":"2025-10-08T01:55:16","slug":"home-7","status":"publish","type":"page","link":"https:\/\/jacglobal.co.kr\/?page_id=2219","title":{"rendered":"Contact"},"content":{"rendered":"<p>[vc_row full_width=&#8221;stretch_row&#8221; css=&#8221;.vc_custom_1628602630667{padding-top: 0px !important;padding-bottom: 100px !important;background-color: #ffffff !important;}&#8221;][vc_column][\/vc_column][vc_column css=&#8221;.vc_custom_1487899224850{padding-top: 0px !important;}&#8221;][vc_empty_space height=&#8221;40px&#8221;][vc_gmaps link=&#8221;#E-8_JTNDaWZyYW1lJTIwc3JjJTNEJTIyaHR0cHMlM0ElMkYlMkZ3d3cuZ29vZ2xlLmNvbSUyRm1hcHMlMkZlbWJlZCUzRnBiJTNEJTIxMW0xOCUyMTFtMTIlMjExbTMlMjExZDMxNjQuNjg2Njc5ODMzMDExJTIxMmQxMjcuMDE1MDk1Mjc2MzIxNTYlMjEzZDM3LjUxNTMwNzMyNzA2MzQ4JTIxMm0zJTIxMWYwJTIxMmYwJTIxM2YwJTIxM20yJTIxMWkxMDI0JTIxMmk3NjglMjE0ZjEzLjElMjEzbTMlMjExbTIlMjExczB4MzU3Y2EzYzJiMjJiZTZhZiUyNTNBMHgxMzAxZTRmYTQyM2QzYjc4JTIxMnMzMTYlMjUyQyUyNTIwNzAlMjUyME5hcnV0ZW8tcm8lMjUyQyUyNTIwU2VvY2hvJTI1MjBEaXN0cmljdCUyNTJDJTI1MjBTZW91bCUyNTJDJTI1MjBHJTI1QzMlMjVCQ25leSUyNTIwS29yZSUyMTVlMCUyMTNtMiUyMTFzdHIlMjEyc3RyJTIxNHYxNzU5Mzc2NjQ4ODQ1JTIxNW0yJTIxMXN0ciUyMTJzdHIlMjIlMjB3aWR0aCUzRCUyMjYwMCUyMiUyMGhlaWdodCUzRCUyMjQ1MCUyMiUyMHN0eWxlJTNEJTIyYm9yZGVyJTNBMCUzQiUyMiUyMGFsbG93ZnVsbHNjcmVlbiUzRCUyMiUyMiUyMGxvYWRpbmclM0QlMjJsYXp5JTIyJTIwcmVmZXJyZXJwb2xpY3klM0QlMjJuby1yZWZlcnJlci13aGVuLWRvd25ncmFkZSUyMiUyMHdpZHRoJTNEJTIyNjAwJTIyJTIwaGVpZ2h0JTNEJTIyNDAwJTIyJTIwZnJhbWVib3JkZXIlM0QlMjIwJTIyJTIwc3R5bGUlM0QlMjJib3JkZXIlM0EwJTNCJTIyJTIwYWxsb3dmdWxsc2NyZWVuJTNEJTIyJTIyJTIwYXJpYS1oaWRkZW4lM0QlMjJmYWxzZSUyMiUyMHRhYmluZGV4JTNEJTIyMCUyMiUzRSUzQyUyRmlmcmFtZSUzRQ==&#8221;][\/vc_column][\/vc_row][vc_row full_width=&#8221;stretch_row&#8221; css=&#8221;.vc_custom_1757910644916{padding-top: 100px !important;padding-bottom: 100px !important;}&#8221; el_id=&#8221;contact&#8221;][vc_column width=&#8221;1\/2&#8243;][vc_icon icon_fontawesome=&#8221;fas fa-map-marker-alt&#8221; color=&#8221;black&#8221; size=&#8221;lg&#8221; align=&#8221;center&#8221;][vc_custom_heading text=&#8221;ADRESS&#8221; font_container=&#8221;tag:h4|font_size:20|text_align:center|color:%23333333&#8243; use_theme_fonts=&#8221;yes&#8221;][vc_custom_heading text=&#8221;316, 70 Naruteo-ro, Seocho-Gu, Seoul,<br \/>\nRepublic of Korea&#8221; font_container=&#8221;tag:p|text_align:center|color:%23777777&#8243; use_theme_fonts=&#8221;yes&#8221;][\/vc_column][vc_column width=&#8221;1\/2&#8243;][vc_icon icon_fontawesome=&#8221;fas fa-at&#8221; color=&#8221;black&#8221; size=&#8221;lg&#8221; align=&#8221;center&#8221;][vc_custom_heading text=&#8221;EMAIL&#8221; font_container=&#8221;tag:h4|font_size:20|text_align:center|color:%23333333&#8243; use_theme_fonts=&#8221;yes&#8221;][vc_custom_heading text=&#8221;info@jacglobal.co.kr&#8221; font_container=&#8221;tag:p|text_align:center|color:%23777777&#8243; use_theme_fonts=&#8221;yes&#8221;][\/vc_column][\/vc_row][vc_row full_width=&#8221;stretch_row_content_no_spaces&#8221; equal_height=&#8221;yes&#8221; content_placement=&#8221;middle&#8221; disable_element=&#8221;yes&#8221; nt_agricom_bg_position=&#8221;left top&#8221; nt_agricom_container_display=&#8221;show&#8221; el_id=&#8221;home&#8221; overlaybg=&#8221;rgba(255,255,255,0.01)&#8221; overlaybg2=&#8221;rgba(0,0,0,0.01)&#8221; css=&#8221;.vc_custom_1759367005553{background-image: url(https:\/\/jacglobal.co.kr\/wp-content\/uploads\/2025\/10\/menubg.jpg?id=2139) !important;background-position: 0 0 !important;background-repeat: no-repeat !important;}&#8221; nt_agricom_bg_size=&#8221;full&#8221;][vc_column width=&#8221;1\/2&#8243; css=&#8221;.vc_custom_1759365845763{margin-top: -100px !important;}&#8221;][vc_icon icon_fontawesome=&#8221;fas fa-phone&#8221; color=&#8221;black&#8221; size=&#8221;lg&#8221; align=&#8221;center&#8221;][vc_custom_heading text=&#8221;&#8221; font_container=&#8221;tag:h4|font_size:20|text_align:center|color:%23333333&#8243; use_theme_fonts=&#8221;yes&#8221;][vc_custom_heading text=&#8221;&#8221; font_container=&#8221;tag:p|text_align:center|color:%23777777&#8243; use_theme_fonts=&#8221;yes&#8221;][vc_empty_space height=&#8221;100&#8243;][vc_single_image image=&#8221;2131&#8243; img_size=&#8221;full&#8221; alignment=&#8221;center&#8221;][\/vc_column][vc_column width=&#8221;1\/2&#8243;][vc_btn title=&#8221;Corporate&#8221; style=&#8221;outline&#8221; color=&#8221;white&#8221; size=&#8221;lg&#8221; link=&#8221;url:https%3A%2F%2Fjacglobal.co.kr%2F%3Fpage_id%3D1948|title:Kurumsal||&#8221;][vc_btn title=&#8221;Corporate&#8221; style=&#8221;outline&#8221; color=&#8221;white&#8221; size=&#8221;lg&#8221; link=&#8221;url:https%3A%2F%2Fjacglobal.co.kr%2F%3Fpage_id%3D1948|title:Kurumsal||&#8221;][\/vc_column][\/vc_row][vc_row full_width=&#8221;stretch_row&#8221; content_placement=&#8221;top&#8221; disable_element=&#8221;yes&#8221; nt_agricom_container_display=&#8221;show&#8221; css=&#8221;.vc_custom_1757905927879{padding-top: 10px !important;background-color: #ffffff !important;}&#8221; el_id=&#8221;is&#8221; overlaybg=&#8221;rgba(0,0,0,0.01)&#8221; overlaybg2=&#8221;rgba(0,0,0,0.01)&#8221;][vc_column width=&#8221;1\/2&#8243; css=&#8221;.vc_custom_1649276764009{padding-top: 130px !important;padding-right: 50px !important;padding-bottom: 130px !important;padding-left: 50px !important;background-position: center !important;background-repeat: no-repeat !important;background-size: cover !important;}&#8221;][vc_single_image image=&#8221;1788&#8243; img_size=&#8221;large&#8221; style=&#8221;vc_box_rounded&#8221; onclick=&#8221;custom_link&#8221; title=&#8221;A\u011f\u0131r \u0130\u015f Makineleri Finansman ve Tedari\u011fi&#8221;][vc_custom_heading text=&#8221;\u2022 Ekskavat\u00f6r<br \/>\n\u2022 Buldozer<br \/>\n\u2022 Vin\u00e7<br \/>\n\u2022 Y\u00fckleyici&#8221; font_container=&#8221;tag:div|font_size:18|text_align:left|color:%23000000&#8243; use_theme_fonts=&#8221;yes&#8221;][vc_icon type=&#8221;openiconic&#8221; icon_openiconic=&#8221;vc-oi vc-oi-quote-right&#8221; color=&#8221;chino&#8221; size=&#8221;lg&#8221;][vc_btn title=&#8221;TAHILLAR&#8221; style=&#8221;outline&#8221; shape=&#8221;square&#8221; color=&#8221;inverse&#8221; size=&#8221;sm&#8221; link=&#8221;url:%23tah|||&#8221;][vc_btn title=&#8221;KURUTULMU\u015e \u00dcR\u00dcNLER&#8221; style=&#8221;outline&#8221; shape=&#8221;square&#8221; color=&#8221;inverse&#8221; size=&#8221;sm&#8221; link=&#8221;url:%23kur|||&#8221;][vc_btn title=&#8221;YA\u011eLI TOHUMLAR&#8221; style=&#8221;outline&#8221; shape=&#8221;square&#8221; color=&#8221;inverse&#8221; size=&#8221;sm&#8221; link=&#8221;url:%23yag|||&#8221;][vc_btn title=&#8221;KAKAO T\u0130CARET\u0130&#8221; style=&#8221;outline&#8221; shape=&#8221;square&#8221; color=&#8221;inverse&#8221; size=&#8221;sm&#8221; link=&#8221;url:%23kak|||&#8221;][vc_btn title=&#8221;\u0130\u015e MAK\u0130NELER\u0130 TEDAR\u0130\u011e\u0130&#8221; style=&#8221;outline&#8221; shape=&#8221;square&#8221; color=&#8221;inverse&#8221; size=&#8221;sm&#8221; link=&#8221;url:%23is|||&#8221; css=&#8221;.vc_custom_1729024110006{background-color: #b5b5b5 !important;}&#8221;][\/vc_column][vc_column width=&#8221;1\/2&#8243; css=&#8221;.vc_custom_1649276758116{padding-top: 130px !important;padding-right: 50px !important;padding-bottom: 130px !important;padding-left: 50px !important;background-position: center !important;background-repeat: no-repeat !important;background-size: cover !important;}&#8221;][vc_empty_space height=&#8221;50px&#8221;][vc_custom_heading text=&#8221;A\u011f\u0131r i\u015f makineleri ticaretinde lider bir \u015firket olarak, y\u00fcksek kaliteli makineleri global pazara sunmay\u0131 hedefliyoruz. Y\u0131llara dayanan deneyimimiz ve geni\u015f tedarik\u00e7i a\u011f\u0131yla, in\u015faat, madencilik ve sanayi sekt\u00f6rlerinde g\u00fcvenilir bir ortak olmay\u0131 taahh\u00fct ediyoruz. M\u00fc\u015fterilerimize sadece ekipman tedarik etmekle kalm\u0131yor, ayn\u0131 zamanda finansman \u00e7\u00f6z\u00fcmleri ile de destek sunuyoruz.&#8221; font_container=&#8221;tag:div|font_size:18|text_align:left|color:%23000000&#8243; use_theme_fonts=&#8221;yes&#8221;][vc_empty_space height=&#8221;20px&#8221;][vc_custom_heading text=&#8221;Hizmetlerimiz&#8221; font_container=&#8221;tag:h3|font_size:20|text_align:left|color:%23686868&#8243; use_theme_fonts=&#8221;yes&#8221;][vc_custom_heading text=&#8221;A\u011f\u0131r Ekipman Ticareti: Ekskavat\u00f6r, buldozer, vin\u00e7 ve y\u00fckleyici gibi \u00e7e\u015fitli a\u011f\u0131r makinelerin al\u0131m-sat\u0131m\u0131n\u0131 ger\u00e7ekle\u015ftiriyoruz. Rekabet\u00e7i fiyatlarla en taze ve kaliteli \u00fcr\u00fcnleri sunuyoruz.<\/p>\n<p>Finansman \u00c7\u00f6z\u00fcmleri: A\u011f\u0131r ekipman al\u0131mlar\u0131n\u0131z i\u00e7in esnek finansman se\u00e7enekleri sunarak, yat\u0131r\u0131mlar\u0131n\u0131z\u0131 kolayla\u015ft\u0131r\u0131yoruz. \u0130htiya\u00e7lar\u0131n\u0131za uygun finansman planlar\u0131yla, b\u00fct\u00e7enizi rahatlat\u0131yoruz.<\/p>\n<p>Piyasa Analizi: Sekt\u00f6rdeki geli\u015fmeleri ve piyasa ko\u015fullar\u0131n\u0131 yak\u0131ndan takip ederek, m\u00fc\u015fterilerimize g\u00fcncel bilgiler ve piyasa trendleri sa\u011fl\u0131yoruz. Bilin\u00e7li kararlar alman\u0131za yard\u0131mc\u0131 oluyoruz.<\/p>\n<p>Lojistik Destek: Ekipmanlar\u0131n\u0131z\u0131n g\u00fcvenli ve zaman\u0131nda teslimat\u0131n\u0131 sa\u011flamak i\u00e7in kapsaml\u0131 lojistik \u00e7\u00f6z\u00fcmler sunuyoruz. Ta\u015f\u0131mac\u0131l\u0131k ve g\u00fcmr\u00fck i\u015flemlerini y\u00f6neterek s\u00fcreci sorunsuz hale getiriyoruz.<\/p>\n<p>Dan\u0131\u015fmanl\u0131k Hizmetleri: A\u011f\u0131r ekipman yat\u0131r\u0131m\u0131 yapmay\u0131 d\u00fc\u015f\u00fcnen i\u015fletmelere<br \/>\nstratejik dan\u0131\u015fmanl\u0131k sunarak, en uygun makineleri se\u00e7menize yard\u0131mc\u0131 oluyoruz.&#8221; font_container=&#8221;tag:div|font_size:18|text_align:left|color:%23000000&#8243; use_theme_fonts=&#8221;yes&#8221;][vc_empty_space height=&#8221;20px&#8221;][vc_custom_heading text=&#8221;Neden Biz?&#8221; font_container=&#8221;tag:h3|font_size:20|text_align:left|color:%23686868&#8243; use_theme_fonts=&#8221;yes&#8221;][vc_custom_heading text=&#8221;Kalite G\u00fcvencesi: Sadece g\u00fcvenilir \u00fcreticilerden y\u00fcksek kaliteli ekipmanlar tedarik etmeye kararl\u0131y\u0131z, b\u00f6ylece sundu\u011fumuz her makinede g\u00fcvenilirlik ve performans sa\u011fl\u0131yoruz.<\/p>\n<p>Finansman Deste\u011fi: Esnek finansman \u00e7\u00f6z\u00fcmlerimizle, a\u011f\u0131r ekipman yat\u0131r\u0131mlar\u0131n\u0131z\u0131 kolayla\u015ft\u0131rarak, b\u00fct\u00e7enizi koruman\u0131za yard\u0131mc\u0131 oluyoruz.<\/p>\n<p>Uzmanl\u0131k: Ekibimiz, a\u011f\u0131r ekipman pazar\u0131nda derin bilgiye sahip deneyimli<br \/>\nprofesyonellerden olu\u015fmaktad\u0131r ve size rehberlik ve destek sunmaya haz\u0131rd\u0131r.<\/p>\n<p>M\u00fc\u015fteri Odakl\u0131l\u0131k: M\u00fc\u015fterilerimizin ihtiya\u00e7lar\u0131n\u0131 \u00f6ncelikli olarak de\u011ferlendiriyor ve her a\u015famada memnuniyetlerini sa\u011flamak i\u00e7in \u00e7al\u0131\u015f\u0131yoruz.&#8221; font_container=&#8221;tag:div|font_size:18|text_align:left|color:%23000000&#8243; use_theme_fonts=&#8221;yes&#8221;][\/vc_column][\/vc_row]<\/p>\n","protected":false},"excerpt":{"rendered":"<p>[vc_row full_width=&#8221;stretch_row&#8221; css=&#8221;.vc_custom_1628602630667{padding-top: 0px !important;padding-bottom: 100px !important;background-color: #ffffff !important;}&#8221;][vc_column][\/vc_column][vc_column css=&#8221;.vc_custom_1487899224850{padding-top: 0px !important;}&#8221;][vc_empty_space height=&#8221;40px&#8221;][vc_gmaps link=&#8221;#E-8_JTNDaWZyYW1lJTIwc3JjJTNEJTIyaHR0cHMlM0ElMkYlMkZ3d3cuZ29vZ2xlLmNvbSUyRm1hcHMlMkZlbWJlZCUzRnBiJTNEJTIxMW0xOCUyMTFtMTIlMjExbTMlMjExZDMxNjQuNjg2Njc5ODMzMDExJTIxMmQxMjcuMDE1MDk1Mjc2MzIxNTYlMjEzZDM3LjUxNTMwNzMyNzA2MzQ4JTIxMm0zJTIxMWYwJTIxMmYwJTIxM2YwJTIxM20yJTIxMWkxMDI0JTIxMmk3NjglMjE0ZjEzLjElMjEzbTMlMjExbTIlMjExczB4MzU3Y2EzYzJiMjJiZTZhZiUyNTNBMHgxMzAxZTRmYTQyM2QzYjc4JTIxMnMzMTYlMjUyQyUyNTIwNzAlMjUyME5hcnV0ZW8tcm8lMjUyQyUyNTIwU2VvY2hvJTI1MjBEaXN0cmljdCUyNTJDJTI1MjBTZW91bCUyNTJDJTI1MjBHJTI1QzMlMjVCQ25leSUyNTIwS29yZSUyMTVlMCUyMTNtMiUyMTFzdHIlMjEyc3RyJTIxNHYxNzU5Mzc2NjQ4ODQ1JTIxNW0yJTIxMXN0ciUyMTJzdHIlMjIlMjB3aWR0aCUzRCUyMjYwMCUyMiUyMGhlaWdodCUzRCUyMjQ1MCUyMiUyMHN0eWxlJTNEJTIyYm9yZGVyJTNBMCUzQiUyMiUyMGFsbG93ZnVsbHNjcmVlbiUzRCUyMiUyMiUyMGxvYWRpbmclM0QlMjJsYXp5JTIyJTIwcmVmZXJyZXJwb2xpY3klM0QlMjJuby1yZWZlcnJlci13aGVuLWRvd25ncmFkZSUyMiUyMHdpZHRoJTNEJTIyNjAwJTIyJTIwaGVpZ2h0JTNEJTIyNDAwJTIyJTIwZnJhbWVib3JkZXIlM0QlMjIwJTIyJTIwc3R5bGUlM0QlMjJib3JkZXIlM0EwJTNCJTIyJTIwYWxsb3dmdWxsc2NyZWVuJTNEJTIyJTIyJTIwYXJpYS1oaWRkZW4lM0QlMjJmYWxzZSUyMiUyMHRhYmluZGV4JTNEJTIyMCUyMiUzRSUzQyUyRmlmcmFtZSUzRQ==&#8221;][\/vc_column][\/vc_row][vc_row full_width=&#8221;stretch_row&#8221; css=&#8221;.vc_custom_1757910644916{padding-top: 100px !important;padding-bottom: 100px !important;}&#8221; el_id=&#8221;contact&#8221;][vc_column width=&#8221;1\/2&#8243;][vc_icon icon_fontawesome=&#8221;fas fa-map-marker-alt&#8221; color=&#8221;black&#8221; size=&#8221;lg&#8221; align=&#8221;center&#8221;][vc_custom_heading text=&#8221;ADRESS&#8221; font_container=&#8221;tag:h4|font_size:20|text_align:center|color:%23333333&#8243; use_theme_fonts=&#8221;yes&#8221;][vc_custom_heading text=&#8221;316, 70 Naruteo-ro, Seocho-Gu, Seoul, Republic of Korea&#8221; font_container=&#8221;tag:p|text_align:center|color:%23777777&#8243; use_theme_fonts=&#8221;yes&#8221;][\/vc_column][vc_column width=&#8221;1\/2&#8243;][vc_icon icon_fontawesome=&#8221;fas fa-at&#8221; color=&#8221;black&#8221; size=&#8221;lg&#8221; align=&#8221;center&#8221;][vc_custom_heading text=&#8221;EMAIL&#8221; font_container=&#8221;tag:h4|font_size:20|text_align:center|color:%23333333&#8243; use_theme_fonts=&#8221;yes&#8221;][vc_custom_heading text=&#8221;info@jacglobal.co.kr&#8221; font_container=&#8221;tag:p|text_align:center|color:%23777777&#8243; use_theme_fonts=&#8221;yes&#8221;][\/vc_column][\/vc_row][vc_row full_width=&#8221;stretch_row_content_no_spaces&#8221; equal_height=&#8221;yes&#8221; content_placement=&#8221;middle&#8221; [&hellip;]<\/p>\n","protected":false},"author":1,"featured_media":0,"parent":0,"menu_order":0,"comment_status":"closed","ping_status":"closed","template":"custom-page.php","meta":[],"_links":{"self":[{"href":"https:\/\/jacglobal.co.kr\/index.php?rest_route=\/wp\/v2\/pages\/2219"}],"collection":[{"href":"https:\/\/jacglobal.co.kr\/index.php?rest_route=\/wp\/v2\/pages"}],"about":[{"href":"https:\/\/jacglobal.co.kr\/index.php?rest_route=\/wp\/v2\/types\/page"}],"author":[{"embeddable":true,"href":"https:\/\/jacglobal.co.kr\/index.php?rest_route=\/wp\/v2\/users\/1"}],"replies":[{"embeddable":true,"href":"https:\/\/jacglobal.co.kr\/index.php?rest_route=%2Fwp%2Fv2%2Fcomments&post=2219"}],"version-history":[{"count":9,"href":"https:\/\/jacglobal.co.kr\/index.php?rest_route=\/wp\/v2\/pages\/2219\/revisions"}],"predecessor-version":[{"id":2230,"href":"https:\/\/jacglobal.co.kr\/index.php?rest_route=\/wp\/v2\/pages\/2219\/revisions\/2230"}],"wp:attachment":[{"href":"https:\/\/jacglobal.co.kr\/index.php?rest_route=%2Fwp%2Fv2%2Fmedia&parent=2219"}],"curies":[{"name":"wp","href":"https:\/\/api.w.org\/{rel}","templated":true}]}}